{"id":369,"date":"2026-01-10T22:59:39","date_gmt":"2026-01-10T20:59:39","guid":{"rendered":"https:\/\/vn3wt5ryrz9.c.updraftclone.com\/lankar\/"},"modified":"2026-02-03T09:23:34","modified_gmt":"2026-02-03T07:23:34","slug":"lankar","status":"publish","type":"page","link":"https:\/\/www.wattkast.fi\/sv\/lankar\/","title":{"rendered":"L\u00e4nkar"},"content":{"rendered":"\n<div class=\"wp-block-uagb-container uagb-block-fbd98916 alignfull uagb-is-root-container\"><div class=\"uagb-container-inner-blocks-wrap\">\n<div class=\"wp-block-uagb-container uagb-block-37c07a52\">\n<p><strong>Tidtabeller<\/strong><br\/><a href=\"https:\/\/www.finferries.fi\/sv\/paradsidan.html\" target=\"_blank\" rel=\"noreferrer noopener\">Finnferries f\u00e4rjetidtabeller<\/a> t.ex. Pargas \u2013 Nagu och Nagu \u2013 Korpo<br\/><a href=\"https:\/\/www.alandstrafiken.ax\/\" target=\"_blank\" rel=\"noreferrer noopener\">\u00c5landstrafiken<\/a> fr\u00e5n Galtby hamn i Korpo, fartygstrafik till \u00c5land<br\/><\/p>\n\n\n\n<p><strong><a href=\"https:\/\/korpohandel.fi\/\" target=\"_blank\" rel=\"noreferrer noopener\">Korpo handel<\/a><br\/><\/strong>K-market Korpo handel ligger i Korpo centrum. De erbjuder ett brett utbud av livsmedel, samt br\u00e4nsle och gasol.<br\/><\/p>\n\n\n\n<p><strong><a href=\"https:\/\/amaliashem.mycashflow.fi\/\" target=\"_blank\" rel=\"noreferrer noopener\">Amalias hem<\/a><br\/><\/strong>Amalias hem \u00e4r ett litet, stort lifestylesensation i Korpo centrum. Folk reser redan l\u00e5ngv\u00e4ga f\u00f6r att bes\u00f6ka denna butik. I Amalias hem hittar du kl\u00e4der, inredningsartiklar och andra vackra saker.<br\/><\/p>\n\n\n\n<p><strong><a href=\"https:\/\/hotelnestor.fi\/fi\/ravintola\/\" target=\"_blank\" rel=\"noreferrer noopener\">Nestors Back Pocket<br\/><\/a><\/strong>Den h\u00e4r restaurangen erbjuder sina g\u00e4ster unika matupplevelser i en vacker milj\u00f6.<br\/><\/p>\n\n\n\n<p><strong><a href=\"https:\/\/www.hjalmars.fi\/\" target=\"_blank\" rel=\"noreferrer noopener\">Hjalmars Restaurant &amp; Pub<br\/><\/a><\/strong>En traditionell restaurang i Korpo centrum. H\u00e4r kan du ocks\u00e5 f\u00e5 take-away pizza.<br\/><\/p>\n<\/div>\n\n\n\n<div class=\"wp-block-uagb-container uagb-block-2112541e\">\n<p><strong><a href=\"https:\/\/verkan.fi\/sv\/hem\/\" target=\"_blank\" rel=\"noreferrer noopener\">Verkan<\/a><br\/><\/strong>St\u00e4mningsfull g\u00e4sthamn, sommarrestaurang Buffalo och pizzeria JJ&#8217;s. Uthyrning av kajaker och SUP-br\u00e4dor, Naawa Nature.<br\/><\/p>\n\n\n\n<p><strong><a href=\"https:\/\/skargardscentrum.fi\/\" target=\"_blank\" rel=\"noreferrer noopener\">Sk\u00e4rg\u00e5rdscentrum Korpostr\u00f6m<\/a><br\/><\/strong>Sk\u00e4rg\u00e5rdscentret ligger vid den unika Korpostr\u00f6ms sund. I centret hittar du bl.a. en restaurang, intressanta utst\u00e4llningar om n\u00e4romr\u00e5det och barnens favorit Juniorlabbet.<br\/><\/p>\n\n\n\n<p><strong><a href=\"https:\/\/korposeajazz.fi\/\" target=\"_blank\" rel=\"noreferrer noopener\">Korpo Sea Jazz<br\/><\/a><\/strong>Det traditionella Korpo Sea Jazz \u00e4r en av Finlands mest betydande jazzevenemang. Programmet f\u00f6r detta moderna och ibland experimentella evenemang best\u00e5r av aktuella kvalitetsnamn inom inhemsk jazz.<br\/><\/p>\n\n\n\n<p><strong><a href=\"https:\/\/naawanature.com\/korpo-kajakbod\/\" target=\"_blank\" rel=\"noreferrer noopener\">Korpo kajakbod<br\/><\/a><\/strong>Uthyrning av kajaker och SUP-br\u00e4dor.<\/p>\n\n\n\n<p><strong><a href=\"https:\/\/www.rengastie.fi\/\" target=\"_blank\" rel=\"noreferrer noopener\">Sk\u00e4rg\u00e5rdens ringv\u00e4g<\/a><\/strong><\/p>\n<\/div>\n<\/div><\/div>\n","protected":false},"excerpt":{"rendered":"<p>TidtabellerFinnferries f\u00e4rjetidtabeller t.ex. Pargas \u2013 Nagu och Nagu \u2013 Korpo\u00c5landstrafiken fr\u00e5n Galtby hamn i Korpo, fartygstrafik till \u00c5land Korpo handelK-market [&hellip;]<\/p>\n","protected":false},"author":1,"featured_media":1060,"parent":0,"menu_order":7,"comment_status":"closed","ping_status":"closed","template":"","meta":{"_uag_custom_page_level_css":"","site-sidebar-layout":"default","site-content-layout":"","ast-site-content-layout":"default","site-content-style":"default","site-sidebar-style":"default","ast-global-header-display":"","ast-banner-title-visibility":"","ast-main-header-display":"","ast-hfb-above-header-display":"","ast-hfb-below-header-display":"","ast-hfb-mobile-header-display":"","site-post-title":"disabled","ast-breadcrumbs-content":"","ast-featured-img":"","footer-sml-layout":"","ast-disable-related-posts":"","theme-transparent-header-meta":"","adv-header-id-meta":"","stick-header-meta":"","header-above-stick-meta":"","header-main-stick-meta":"","header-below-stick-meta":"","astra-migrate-meta-layouts":"default","ast-page-background-enabled":"default","ast-page-background-meta":{"desktop":{"background-color":"var(--ast-global-color-5)","background-image":"","background-repeat":"repeat","background-position":"center center","background-size":"auto","background-attachment":"scroll","background-type":"","background-media":"","overlay-type":"","overlay-color":"","overlay-opacity":"","overlay-gradient":""},"tablet":{"background-color":"","background-image":"","background-repeat":"repeat","background-position":"center center","background-size":"auto","background-attachment":"scroll","background-type":"","background-media":"","overlay-type":"","overlay-color":"","overlay-opacity":"","overlay-gradient":""},"mobile":{"background-color":"","background-image":"","background-repeat":"repeat","background-position":"center center","background-size":"auto","background-attachment":"scroll","background-type":"","background-media":"","overlay-type":"","overlay-color":"","overlay-opacity":"","overlay-gradient":""}},"ast-content-background-meta":{"desktop":{"background-color":"var(--ast-global-color-4)","background-image":"","background-repeat":"repeat","background-position":"center center","background-size":"auto","background-attachment":"scroll","background-type":"","background-media":"","overlay-type":"","overlay-color":"","overlay-opacity":"","overlay-gradient":""},"tablet":{"background-color":"var(--ast-global-color-4)","background-image":"","background-repeat":"repeat","background-position":"center center","background-size":"auto","background-attachment":"scroll","background-type":"","background-media":"","overlay-type":"","overlay-color":"","overlay-opacity":"","overlay-gradient":""},"mobile":{"background-color":"var(--ast-global-color-4)","background-image":"","background-repeat":"repeat","background-position":"center center","background-size":"auto","background-attachment":"scroll","background-type":"","background-media":"","overlay-type":"","overlay-color":"","overlay-opacity":"","overlay-gradient":""}},"footnotes":""},"class_list":["post-369","page","type-page","status-publish","has-post-thumbnail","hentry"],"spectra_custom_meta":{"_top_nav_excluded":[""],"_cms_nav_minihome":[""],"_last_translation_edit_mode":["translation-editor"],"_wpml_word_count":["232"],"_wp_page_template":[""],"rank_math_analytic_object_id":["17"],"_thumbnail_id":["1060"],"astra_style_timestamp_css":["1770047378"],"ast-main-header-display":[""],"ast-hfb-above-header-display":[""],"ast-hfb-below-header-display":[""],"ast-hfb-mobile-header-display":[""],"adv-header-id-meta":[""],"footer-sml-layout":[""],"stick-header-meta":[""],"header-main-stick-meta":[""],"header-above-stick-meta":[""],"header-below-stick-meta":[""],"site-post-title":["disabled"],"site-sidebar-layout":["default"],"site-content-layout":[""],"ast-featured-img":[""],"ast-breadcrumbs-content":[""],"theme-transparent-header-meta":[""],"ast-banner-title-visibility":[""],"ast-global-header-display":[""],"ast-site-content-layout":["default"],"site-content-style":["default"],"site-sidebar-style":["default"],"rank_math_internal_links_processed":["1"],"_uagb_previous_block_counts":["a:90:{s:21:\"uagb\/advanced-heading\";i:0;s:15:\"uagb\/blockquote\";i:0;s:12:\"uagb\/buttons\";i:0;s:18:\"uagb\/buttons-child\";i:0;s:19:\"uagb\/call-to-action\";i:0;s:15:\"uagb\/cf7-styler\";i:0;s:11:\"uagb\/column\";i:0;s:12:\"uagb\/columns\";i:0;s:14:\"uagb\/container\";i:3;s:21:\"uagb\/content-timeline\";i:0;s:27:\"uagb\/content-timeline-child\";i:0;s:14:\"uagb\/countdown\";i:0;s:12:\"uagb\/counter\";i:0;s:8:\"uagb\/faq\";i:0;s:14:\"uagb\/faq-child\";i:0;s:10:\"uagb\/forms\";i:0;s:17:\"uagb\/forms-accept\";i:0;s:19:\"uagb\/forms-checkbox\";i:0;s:15:\"uagb\/forms-date\";i:0;s:16:\"uagb\/forms-email\";i:0;s:17:\"uagb\/forms-hidden\";i:0;s:15:\"uagb\/forms-name\";i:0;s:16:\"uagb\/forms-phone\";i:0;s:16:\"uagb\/forms-radio\";i:0;s:17:\"uagb\/forms-select\";i:0;s:19:\"uagb\/forms-textarea\";i:0;s:17:\"uagb\/forms-toggle\";i:0;s:14:\"uagb\/forms-url\";i:0;s:14:\"uagb\/gf-styler\";i:0;s:15:\"uagb\/google-map\";i:0;s:11:\"uagb\/how-to\";i:0;s:16:\"uagb\/how-to-step\";i:0;s:9:\"uagb\/icon\";i:0;s:14:\"uagb\/icon-list\";i:0;s:20:\"uagb\/icon-list-child\";i:0;s:10:\"uagb\/image\";i:0;s:18:\"uagb\/image-gallery\";i:0;s:13:\"uagb\/info-box\";i:0;s:18:\"uagb\/inline-notice\";i:0;s:11:\"uagb\/lottie\";i:0;s:21:\"uagb\/marketing-button\";i:0;s:10:\"uagb\/modal\";i:0;s:18:\"uagb\/popup-builder\";i:0;s:16:\"uagb\/post-button\";i:0;s:18:\"uagb\/post-carousel\";i:0;s:17:\"uagb\/post-excerpt\";i:0;s:14:\"uagb\/post-grid\";i:0;s:15:\"uagb\/post-image\";i:0;s:17:\"uagb\/post-masonry\";i:0;s:14:\"uagb\/post-meta\";i:0;s:18:\"uagb\/post-taxonomy\";i:0;s:18:\"uagb\/post-timeline\";i:0;s:15:\"uagb\/post-title\";i:0;s:20:\"uagb\/restaurant-menu\";i:0;s:26:\"uagb\/restaurant-menu-child\";i:0;s:11:\"uagb\/review\";i:0;s:12:\"uagb\/section\";i:0;s:14:\"uagb\/separator\";i:0;s:11:\"uagb\/slider\";i:0;s:17:\"uagb\/slider-child\";i:0;s:17:\"uagb\/social-share\";i:0;s:23:\"uagb\/social-share-child\";i:0;s:16:\"uagb\/star-rating\";i:0;s:23:\"uagb\/sure-cart-checkout\";i:0;s:22:\"uagb\/sure-cart-product\";i:0;s:15:\"uagb\/sure-forms\";i:0;s:22:\"uagb\/table-of-contents\";i:0;s:9:\"uagb\/tabs\";i:0;s:15:\"uagb\/tabs-child\";i:0;s:18:\"uagb\/taxonomy-list\";i:0;s:9:\"uagb\/team\";i:0;s:16:\"uagb\/testimonial\";i:0;s:14:\"uagb\/wp-search\";i:0;s:19:\"uagb\/instagram-feed\";i:0;s:10:\"uagb\/login\";i:0;s:17:\"uagb\/loop-builder\";i:0;s:18:\"uagb\/loop-category\";i:0;s:20:\"uagb\/loop-pagination\";i:0;s:15:\"uagb\/loop-reset\";i:0;s:16:\"uagb\/loop-search\";i:0;s:14:\"uagb\/loop-sort\";i:0;s:17:\"uagb\/loop-wrapper\";i:0;s:13:\"uagb\/register\";i:0;s:19:\"uagb\/register-email\";i:0;s:24:\"uagb\/register-first-name\";i:0;s:23:\"uagb\/register-last-name\";i:0;s:22:\"uagb\/register-password\";i:0;s:30:\"uagb\/register-reenter-password\";i:0;s:19:\"uagb\/register-terms\";i:0;s:22:\"uagb\/register-username\";i:0;}"],"_uagb_last_spectra_edit":["1776795773"],"_uag_page_assets":["a:9:{s:3:\"css\";s:7452:\".wp-block-uagb-container.uagb-block-fbd98916 .uagb-container__shape-top svg{width: calc( 100% + 1.3px );}.wp-block-uagb-container.uagb-block-fbd98916 .uagb-container__shape.uagb-container__shape-top .uagb-container__shape-fill{fill: rgba(51,51,51,1);}.wp-block-uagb-container.uagb-block-fbd98916 .uagb-container__shape-bottom svg{width: calc( 100% + 1.3px );}.wp-block-uagb-container.uagb-block-fbd98916 .uagb-container__shape.uagb-container__shape-bottom .uagb-container__shape-fill{fill: rgba(51,51,51,1);}.wp-block-uagb-container.uagb-block-fbd98916 .uagb-container__video-wrap video{opacity: 1;}.wp-block-uagb-container.uagb-is-root-container .uagb-block-fbd98916{max-width: 100%;width: 100%;}.wp-block-uagb-container.uagb-is-root-container.alignfull.uagb-block-fbd98916 > .uagb-container-inner-blocks-wrap{--inner-content-custom-width: min( 100%, 1200px);max-width: var(--inner-content-custom-width);width: 100%;flex-direction: row;align-items: flex-start;justify-content: center;flex-wrap: nowrap;row-gap: 0px;column-gap: 60px;}.wp-block-uagb-container.uagb-block-fbd98916{box-shadow: 0px 0px   #00000070 ;padding-top: 60px;padding-bottom: 60px;padding-left: 60px;padding-right: 60px;margin-top:  !important;margin-bottom:  !important;overflow: visible;order: initial;border-color: inherit;background-color: ;;row-gap: 0px;column-gap: 60px;}.wp-block-uagb-container.uagb-block-37c07a52 .uagb-container__shape-top svg{width: calc( 100% + 1.3px );}.wp-block-uagb-container.uagb-block-37c07a52 .uagb-container__shape.uagb-container__shape-top .uagb-container__shape-fill{fill: rgba(51,51,51,1);}.wp-block-uagb-container.uagb-block-37c07a52 .uagb-container__shape-bottom svg{width: calc( 100% + 1.3px );}.wp-block-uagb-container.uagb-block-37c07a52 .uagb-container__shape.uagb-container__shape-bottom .uagb-container__shape-fill{fill: rgba(51,51,51,1);}.wp-block-uagb-container.uagb-block-37c07a52 .uagb-container__video-wrap video{opacity: 1;}.wp-block-uagb-container.uagb-is-root-container .uagb-block-37c07a52{max-width: 50%;width: 100%;}.wp-block-uagb-container.uagb-is-root-container.alignfull.uagb-block-37c07a52 > .uagb-container-inner-blocks-wrap{--inner-content-custom-width: min( 100%, 1200px);max-width: var(--inner-content-custom-width);width: 100%;flex-direction: column;align-items: center;justify-content: center;flex-wrap: nowrap;row-gap: 0px;column-gap: 0px;}.wp-block-uagb-container.uagb-block-37c07a52{box-shadow: 0px 0px   #00000070 ;padding-top: 0px;padding-bottom: 0px;padding-left: 0px;padding-right: 0px;margin-top:  !important;margin-bottom:  !important;overflow: visible;order: initial;border-color: inherit;flex-direction: column;align-items: center;justify-content: center;flex-wrap: nowrap;row-gap: 0px;column-gap: 0px;}.wp-block-uagb-container.uagb-block-2112541e .uagb-container__shape-top svg{width: calc( 100% + 1.3px );}.wp-block-uagb-container.uagb-block-2112541e .uagb-container__shape.uagb-container__shape-top .uagb-container__shape-fill{fill: rgba(51,51,51,1);}.wp-block-uagb-container.uagb-block-2112541e .uagb-container__shape-bottom svg{width: calc( 100% + 1.3px );}.wp-block-uagb-container.uagb-block-2112541e .uagb-container__shape.uagb-container__shape-bottom .uagb-container__shape-fill{fill: rgba(51,51,51,1);}.wp-block-uagb-container.uagb-block-2112541e .uagb-container__video-wrap video{opacity: 1;}.wp-block-uagb-container.uagb-is-root-container .uagb-block-2112541e{max-width: 50%;width: 100%;}.wp-block-uagb-container.uagb-is-root-container.alignfull.uagb-block-2112541e > .uagb-container-inner-blocks-wrap{--inner-content-custom-width: min( 100%, 1200px);max-width: var(--inner-content-custom-width);width: 100%;flex-direction: column;align-items: center;justify-content: center;flex-wrap: nowrap;row-gap: 0px;column-gap: 0px;}.wp-block-uagb-container.uagb-block-2112541e{box-shadow: 0px 0px   #00000070 ;padding-top: 0px;padding-bottom: 0px;padding-left: 0px;padding-right: 0px;margin-top:  !important;margin-bottom:  !important;overflow: visible;order: initial;border-color: inherit;background-color: ;;flex-direction: column;align-items: center;justify-content: center;flex-wrap: nowrap;row-gap: 0px;column-gap: 0px;}@media only screen and (max-width: 976px) {.wp-block-uagb-container.uagb-is-root-container .uagb-block-fbd98916{width: 100%;}.wp-block-uagb-container.uagb-is-root-container.alignfull.uagb-block-fbd98916 > .uagb-container-inner-blocks-wrap{--inner-content-custom-width: min( 100%, 1024px);max-width: var(--inner-content-custom-width);width: 100%;align-items: stretch;}.wp-block-uagb-container.uagb-block-fbd98916{padding-top: 30px;padding-bottom: 30px;padding-left: 30px;padding-right: 30px;margin-top:  !important;margin-bottom:  !important;order: initial;background-color: ;;}.wp-block-uagb-container.uagb-is-root-container .uagb-block-37c07a52{width: 100%;}.wp-block-uagb-container.uagb-is-root-container.alignfull.uagb-block-37c07a52 > .uagb-container-inner-blocks-wrap{--inner-content-custom-width: min( 100%, 1024px);max-width: var(--inner-content-custom-width);width: 100%;}.wp-block-uagb-container.uagb-block-37c07a52{padding-top: 0px;padding-bottom: 0px;padding-left: 0px;padding-right: 0px;margin-top:  !important;margin-bottom:  !important;order: initial;}.wp-block-uagb-container.uagb-is-root-container .uagb-block-2112541e{width: 100%;}.wp-block-uagb-container.uagb-is-root-container.alignfull.uagb-block-2112541e > .uagb-container-inner-blocks-wrap{--inner-content-custom-width: min( 100%, 1024px);max-width: var(--inner-content-custom-width);width: 100%;}.wp-block-uagb-container.uagb-block-2112541e{padding-top: 0px;padding-bottom: 0px;padding-left: 0px;padding-right: 0px;margin-top:  !important;margin-bottom:  !important;order: initial;background-color: ;;}}@media only screen and (max-width: 767px) {.wp-block-uagb-container.uagb-is-root-container .uagb-block-fbd98916{max-width: 100%;width: 100%;}.wp-block-uagb-container.uagb-is-root-container.alignfull.uagb-block-fbd98916 > .uagb-container-inner-blocks-wrap{--inner-content-custom-width: min( 100%, 767px);max-width: var(--inner-content-custom-width);width: 100%;align-items: stretch;flex-wrap: wrap;}.wp-block-uagb-container.uagb-block-fbd98916{padding-top: 30px;padding-bottom: 30px;padding-left: 30px;padding-right: 30px;margin-top:  !important;margin-bottom:  !important;order: initial;background-color: ;;}.wp-block-uagb-container.uagb-is-root-container .uagb-block-37c07a52{max-width: 100%;width: 100%;}.wp-block-uagb-container.uagb-is-root-container.alignfull.uagb-block-37c07a52 > .uagb-container-inner-blocks-wrap{--inner-content-custom-width: min( 100%, 767px);max-width: var(--inner-content-custom-width);width: 100%;flex-wrap: wrap;}.wp-block-uagb-container.uagb-block-37c07a52{padding-top: 0px;padding-bottom: 0px;padding-left: 0px;padding-right: 0px;margin-top:  !important;margin-bottom:  !important;order: initial;flex-wrap: wrap;}.wp-block-uagb-container.uagb-is-root-container .uagb-block-2112541e{max-width: 100%;width: 100%;}.wp-block-uagb-container.uagb-is-root-container.alignfull.uagb-block-2112541e > .uagb-container-inner-blocks-wrap{--inner-content-custom-width: min( 100%, 767px);max-width: var(--inner-content-custom-width);width: 100%;flex-wrap: wrap;}.wp-block-uagb-container.uagb-block-2112541e{padding-top: 0px;padding-bottom: 0px;padding-left: 0px;padding-right: 0px;margin-top:  !important;margin-bottom:  !important;order: initial;background-color: ;;flex-wrap: wrap;}}\";s:2:\"js\";s:0:\"\";s:18:\"current_block_list\";a:3:{i:0;s:14:\"uagb\/container\";i:2;s:14:\"core\/paragraph\";i:3;s:12:\"core\/heading\";}s:8:\"uag_flag\";b:1;s:11:\"uag_version\";s:10:\"1777577243\";s:6:\"gfonts\";a:0:{}s:10:\"gfonts_url\";s:0:\"\";s:12:\"gfonts_files\";a:0:{}s:14:\"uag_faq_layout\";b:0;}"]},"uagb_featured_image_src":{"full":["https:\/\/www.wattkast.fi\/wp-content\/uploads\/wattkast-mokit-stugor-linkit-lankar.jpg",1200,800,false],"thumbnail":["https:\/\/www.wattkast.fi\/wp-content\/uploads\/wattkast-mokit-stugor-linkit-lankar-150x150.jpg",150,150,true],"medium":["https:\/\/www.wattkast.fi\/wp-content\/uploads\/wattkast-mokit-stugor-linkit-lankar-300x200.jpg",300,200,true],"medium_large":["https:\/\/www.wattkast.fi\/wp-content\/uploads\/wattkast-mokit-stugor-linkit-lankar-768x512.jpg",768,512,true],"large":["https:\/\/www.wattkast.fi\/wp-content\/uploads\/wattkast-mokit-stugor-linkit-lankar-1024x683.jpg",1024,683,true],"1536x1536":["https:\/\/www.wattkast.fi\/wp-content\/uploads\/wattkast-mokit-stugor-linkit-lankar.jpg",1200,800,false],"2048x2048":["https:\/\/www.wattkast.fi\/wp-content\/uploads\/wattkast-mokit-stugor-linkit-lankar.jpg",1200,800,false]},"uagb_author_info":{"display_name":"Frank","author_link":"https:\/\/www.wattkast.fi\/sv\/author\/admin-542190733\/"},"uagb_comment_info":0,"uagb_excerpt":"TidtabellerFinnferries f\u00e4rjetidtabeller t.ex. Pargas \u2013 Nagu och Nagu \u2013 Korpo\u00c5landstrafiken fr\u00e5n Galtby hamn i Korpo, fartygstrafik till \u00c5land Korpo handelK-market [&hellip;]","_links":{"self":[{"href":"https:\/\/www.wattkast.fi\/sv\/wp-json\/wp\/v2\/pages\/369","targetHints":{"allow":["GET"]}}],"collection":[{"href":"https:\/\/www.wattkast.fi\/sv\/wp-json\/wp\/v2\/pages"}],"about":[{"href":"https:\/\/www.wattkast.fi\/sv\/wp-json\/wp\/v2\/types\/page"}],"author":[{"embeddable":true,"href":"https:\/\/www.wattkast.fi\/sv\/wp-json\/wp\/v2\/users\/1"}],"replies":[{"embeddable":true,"href":"https:\/\/www.wattkast.fi\/sv\/wp-json\/wp\/v2\/comments?post=369"}],"version-history":[{"count":0,"href":"https:\/\/www.wattkast.fi\/sv\/wp-json\/wp\/v2\/pages\/369\/revisions"}],"wp:featuredmedia":[{"embeddable":true,"href":"https:\/\/www.wattkast.fi\/sv\/wp-json\/wp\/v2\/media\/1060"}],"wp:attachment":[{"href":"https:\/\/www.wattkast.fi\/sv\/wp-json\/wp\/v2\/media?parent=369"}],"curies":[{"name":"wp","href":"https:\/\/api.w.org\/{rel}","templated":true}]}}