{"id":367,"date":"2026-01-10T22:58:52","date_gmt":"2026-01-10T20:58:52","guid":{"rendered":"https:\/\/vn3wt5ryrz9.c.updraftclone.com\/vanliga-fragor\/"},"modified":"2026-02-03T09:17:47","modified_gmt":"2026-02-03T07:17:47","slug":"vanliga-fragor","status":"publish","type":"page","link":"https:\/\/www.wattkast.fi\/sv\/vanliga-fragor\/","title":{"rendered":"Vanliga fr\u00e5gor"},"content":{"rendered":"\n<div class=\"wp-block-uagb-container uagb-block-26b89aa9 alignfull uagb-is-root-container\"><div class=\"uagb-container-inner-blocks-wrap\">\n<div class=\"wp-block-uagb-container uagb-block-a839ee0b\">\n<p><strong>F\u00e5r man ta med sig husdjur till stugorna?<br\/><\/strong>Husdjur kan tas med till stugorna om man kommit \u00f6verens om detta separat i samband med bokningen. G\u00e4ster med husdjur bor i stugorna <a href=\"https:\/\/wattkast.fi\/sv\/uthyrningsstugor\/gulsparven\/\" data-type=\"page\" data-id=\"333\" target=\"_blank\" rel=\"noopener\">Gulsparven<\/a> eller <a href=\"https:\/\/wattkast.fi\/sv\/uthyrningsstugor\/vitsippan\/\" data-type=\"page\" data-id=\"335\" target=\"_blank\" rel=\"noopener\">Vitsippan<\/a>. <\/p>\n\n\n\n<p><strong>Kan man baka och laga ordentliga m\u00e5ltider i stugan?<br\/><\/strong>K\u00f6ken \u00e4r mycket v\u00e4lutrustade och du hittar k\u00e4rl och redskap \u00e4ven f\u00f6r mer kr\u00e4vande matlagning.<\/p>\n\n\n\n<p><strong>Hur djupa \u00e4r str\u00e4nderna vid stugorna?<br\/><\/strong>Str\u00e4nderna \u00e4r l\u00e5nggrunda. Vid bryggornas yttersta del \u00e4r djupet cirka 1,2 meter. <\/p>\n\n\n\n<p><strong>Finns det flytv\u00e4star till roddb\u00e5tarna?<br\/><\/strong>Hyresg\u00e4sten b\u00f6r sj\u00e4lv ta med flytv\u00e4star och det \u00e4r obligatoriskt att anv\u00e4nda dem. Roddb\u00e5ten anv\u00e4nds p\u00e5 eget ansvar. Viken \u00e4r bra att ro i, den \u00e4r lugn och stora v\u00e5gor uppst\u00e5r s\u00e4llan.  <\/p>\n\n\n\n<p><strong>Hur sk\u00f6ts faktureringen?<br\/><\/strong>N\u00e4r du bokat stugan f\u00e5r du en bokningsbekr\u00e4ftelse per epost. D\u00e4r finns ocks\u00e5 instruktioner f\u00f6r hur du betalar bokningsavgiften. Resten av hyran betalas f\u00f6re ankomst till stugan.  <\/p>\n<\/div>\n\n\n\n<div class=\"wp-block-uagb-container uagb-block-2b7ff566\">\n<p><strong>\u00c4r internetuppkopplingen d\u00e5lig i sk\u00e4rg\u00e5rden?<br\/><\/strong>P\u00e5 vissa st\u00e4llen kan uppkopplingen vara svag, men Wattkast och stugorna ligger n\u00e4ra stora farleder och d\u00e4rf\u00f6r har vi utm\u00e4rkta internetf\u00f6rbindelser.<\/p>\n\n\n\n<p><strong>Kan man k\u00f6ra bil \u00e4nda fram till stugan?<br\/><\/strong>Ja, bilen kan parkeras bredvid stugan p\u00e5 den anvisade platsen.<\/p>\n\n\n\n<p><strong>G\u00e5r f\u00e4rjorna \u00e4ven nattetid?<br\/><\/strong>Ja, det g\u00e5r att resa till Korpo dygnet runt, varje dag p\u00e5 \u00e5ret.<\/p>\n\n\n\n<p><strong>Var finns de n\u00e4rmaste laddstationerna f\u00f6r elbilar?<br\/><\/strong>Laddstationer finns i Korpo centrum, Nagu, Houtsk\u00e4r och Pargas, <a href=\"https:\/\/www.latauskartta.fi\/\" target=\"_blank\" rel=\"noopener\">www.latauskartta.fi<\/a><\/p>\n\n\n\n<p><strong>Finns det n\u00e5gra speciella sev\u00e4rdheter i Wattkast?<br\/><\/strong>F\u00f6rutom stugornas egna utflyktsm\u00e5l kan du p\u00e5 midsommarafton f\u00f6lja med dekorationen och resningen av midsommarst\u00e5ngen, cirka 1,5 km fr\u00e5n stugorna. St\u00e5ngen st\u00e5r kvar hela sommaren. P\u00e5 Wattkast finns ocks\u00e5 flera f\u00f6retag, och l\u00e4ngs Wattkastv\u00e4gen hittar du sommarblommor, gr\u00f6nsaker, \u00e4pplen, ett musteri samt naturbetesk\u00f6tt.  <\/p>\n<\/div>\n<\/div><\/div>\n","protected":false},"excerpt":{"rendered":"<p>F\u00e5r man ta med sig husdjur till stugorna?Husdjur kan tas med till stugorna om man kommit \u00f6verens om detta separat [&hellip;]<\/p>\n","protected":false},"author":1,"featured_media":1058,"parent":0,"menu_order":5,"comment_status":"closed","ping_status":"closed","template":"","meta":{"_uag_custom_page_level_css":"","site-sidebar-layout":"default","site-content-layout":"","ast-site-content-layout":"default","site-content-style":"default","site-sidebar-style":"default","ast-global-header-display":"","ast-banner-title-visibility":"","ast-main-header-display":"","ast-hfb-above-header-display":"","ast-hfb-below-header-display":"","ast-hfb-mobile-header-display":"","site-post-title":"disabled","ast-breadcrumbs-content":"","ast-featured-img":"","footer-sml-layout":"","ast-disable-related-posts":"","theme-transparent-header-meta":"","adv-header-id-meta":"","stick-header-meta":"","header-above-stick-meta":"","header-main-stick-meta":"","header-below-stick-meta":"","astra-migrate-meta-layouts":"default","ast-page-background-enabled":"default","ast-page-background-meta":{"desktop":{"background-color":"var(--ast-global-color-5)","background-image":"","background-repeat":"repeat","background-position":"center center","background-size":"auto","background-attachment":"scroll","background-type":"","background-media":"","overlay-type":"","overlay-color":"","overlay-opacity":"","overlay-gradient":""},"tablet":{"background-color":"","background-image":"","background-repeat":"repeat","background-position":"center center","background-size":"auto","background-attachment":"scroll","background-type":"","background-media":"","overlay-type":"","overlay-color":"","overlay-opacity":"","overlay-gradient":""},"mobile":{"background-color":"","background-image":"","background-repeat":"repeat","background-position":"center center","background-size":"auto","background-attachment":"scroll","background-type":"","background-media":"","overlay-type":"","overlay-color":"","overlay-opacity":"","overlay-gradient":""}},"ast-content-background-meta":{"desktop":{"background-color":"var(--ast-global-color-4)","background-image":"","background-repeat":"repeat","background-position":"center center","background-size":"auto","background-attachment":"scroll","background-type":"","background-media":"","overlay-type":"","overlay-color":"","overlay-opacity":"","overlay-gradient":""},"tablet":{"background-color":"var(--ast-global-color-4)","background-image":"","background-repeat":"repeat","background-position":"center center","background-size":"auto","background-attachment":"scroll","background-type":"","background-media":"","overlay-type":"","overlay-color":"","overlay-opacity":"","overlay-gradient":""},"mobile":{"background-color":"var(--ast-global-color-4)","background-image":"","background-repeat":"repeat","background-position":"center center","background-size":"auto","background-attachment":"scroll","background-type":"","background-media":"","overlay-type":"","overlay-color":"","overlay-opacity":"","overlay-gradient":""}},"footnotes":""},"class_list":["post-367","page","type-page","status-publish","has-post-thumbnail","hentry"],"spectra_custom_meta":{"_top_nav_excluded":[""],"_cms_nav_minihome":[""],"_last_translation_edit_mode":["translation-editor"],"_wpml_word_count":["321"],"_wp_page_template":[""],"rank_math_analytic_object_id":["19"],"_thumbnail_id":["1058"],"astra_style_timestamp_css":["1769695826"],"ast-main-header-display":[""],"ast-hfb-above-header-display":[""],"ast-hfb-below-header-display":[""],"ast-hfb-mobile-header-display":[""],"adv-header-id-meta":[""],"footer-sml-layout":[""],"stick-header-meta":[""],"header-main-stick-meta":[""],"header-above-stick-meta":[""],"header-below-stick-meta":[""],"site-post-title":["disabled"],"site-sidebar-layout":["default"],"site-content-layout":[""],"ast-featured-img":[""],"ast-breadcrumbs-content":[""],"theme-transparent-header-meta":[""],"ast-banner-title-visibility":[""],"ast-global-header-display":[""],"ast-site-content-layout":["default"],"site-content-style":["default"],"site-sidebar-style":["default"],"_edit_lock":["1770275411:1"],"rank_math_internal_links_processed":["1"],"_uag_page_assets":["a:9:{s:3:\"css\";s:7452:\".wp-block-uagb-container.uagb-block-26b89aa9 .uagb-container__shape-top svg{width: calc( 100% + 1.3px );}.wp-block-uagb-container.uagb-block-26b89aa9 .uagb-container__shape.uagb-container__shape-top .uagb-container__shape-fill{fill: rgba(51,51,51,1);}.wp-block-uagb-container.uagb-block-26b89aa9 .uagb-container__shape-bottom svg{width: calc( 100% + 1.3px );}.wp-block-uagb-container.uagb-block-26b89aa9 .uagb-container__shape.uagb-container__shape-bottom .uagb-container__shape-fill{fill: rgba(51,51,51,1);}.wp-block-uagb-container.uagb-block-26b89aa9 .uagb-container__video-wrap video{opacity: 1;}.wp-block-uagb-container.uagb-is-root-container .uagb-block-26b89aa9{max-width: 100%;width: 100%;}.wp-block-uagb-container.uagb-is-root-container.alignfull.uagb-block-26b89aa9 > .uagb-container-inner-blocks-wrap{--inner-content-custom-width: min( 100%, 1200px);max-width: var(--inner-content-custom-width);width: 100%;flex-direction: row;align-items: flex-start;justify-content: center;flex-wrap: nowrap;row-gap: 0px;column-gap: 60px;}.wp-block-uagb-container.uagb-block-26b89aa9{box-shadow: 0px 0px   #00000070 ;padding-top: 60px;padding-bottom: 60px;padding-left: 60px;padding-right: 60px;margin-top:  !important;margin-bottom:  !important;overflow: visible;order: initial;border-color: inherit;background-color: ;;row-gap: 0px;column-gap: 60px;}.wp-block-uagb-container.uagb-block-a839ee0b .uagb-container__shape-top svg{width: calc( 100% + 1.3px );}.wp-block-uagb-container.uagb-block-a839ee0b .uagb-container__shape.uagb-container__shape-top .uagb-container__shape-fill{fill: rgba(51,51,51,1);}.wp-block-uagb-container.uagb-block-a839ee0b .uagb-container__shape-bottom svg{width: calc( 100% + 1.3px );}.wp-block-uagb-container.uagb-block-a839ee0b .uagb-container__shape.uagb-container__shape-bottom .uagb-container__shape-fill{fill: rgba(51,51,51,1);}.wp-block-uagb-container.uagb-block-a839ee0b .uagb-container__video-wrap video{opacity: 1;}.wp-block-uagb-container.uagb-is-root-container .uagb-block-a839ee0b{max-width: 50%;width: 100%;}.wp-block-uagb-container.uagb-is-root-container.alignfull.uagb-block-a839ee0b > .uagb-container-inner-blocks-wrap{--inner-content-custom-width: min( 100%, 1200px);max-width: var(--inner-content-custom-width);width: 100%;flex-direction: column;align-items: center;justify-content: center;flex-wrap: nowrap;row-gap: 0px;column-gap: 0px;}.wp-block-uagb-container.uagb-block-a839ee0b{box-shadow: 0px 0px   #00000070 ;padding-top: 0px;padding-bottom: 0px;padding-left: 0px;padding-right: 0px;margin-top:  !important;margin-bottom:  !important;overflow: visible;order: initial;border-color: inherit;flex-direction: column;align-items: center;justify-content: center;flex-wrap: nowrap;row-gap: 0px;column-gap: 0px;}.wp-block-uagb-container.uagb-block-2b7ff566 .uagb-container__shape-top svg{width: calc( 100% + 1.3px );}.wp-block-uagb-container.uagb-block-2b7ff566 .uagb-container__shape.uagb-container__shape-top .uagb-container__shape-fill{fill: rgba(51,51,51,1);}.wp-block-uagb-container.uagb-block-2b7ff566 .uagb-container__shape-bottom svg{width: calc( 100% + 1.3px );}.wp-block-uagb-container.uagb-block-2b7ff566 .uagb-container__shape.uagb-container__shape-bottom .uagb-container__shape-fill{fill: rgba(51,51,51,1);}.wp-block-uagb-container.uagb-block-2b7ff566 .uagb-container__video-wrap video{opacity: 1;}.wp-block-uagb-container.uagb-is-root-container .uagb-block-2b7ff566{max-width: 50%;width: 100%;}.wp-block-uagb-container.uagb-is-root-container.alignfull.uagb-block-2b7ff566 > .uagb-container-inner-blocks-wrap{--inner-content-custom-width: min( 100%, 1200px);max-width: var(--inner-content-custom-width);width: 100%;flex-direction: column;align-items: center;justify-content: center;flex-wrap: nowrap;row-gap: 0px;column-gap: 0px;}.wp-block-uagb-container.uagb-block-2b7ff566{box-shadow: 0px 0px   #00000070 ;padding-top: 0px;padding-bottom: 0px;padding-left: 0px;padding-right: 0px;margin-top:  !important;margin-bottom:  !important;overflow: visible;order: initial;border-color: inherit;background-color: ;;flex-direction: column;align-items: center;justify-content: center;flex-wrap: nowrap;row-gap: 0px;column-gap: 0px;}@media only screen and (max-width: 976px) {.wp-block-uagb-container.uagb-is-root-container .uagb-block-26b89aa9{width: 100%;}.wp-block-uagb-container.uagb-is-root-container.alignfull.uagb-block-26b89aa9 > .uagb-container-inner-blocks-wrap{--inner-content-custom-width: min( 100%, 1024px);max-width: var(--inner-content-custom-width);width: 100%;align-items: stretch;}.wp-block-uagb-container.uagb-block-26b89aa9{padding-top: 30px;padding-bottom: 30px;padding-left: 30px;padding-right: 30px;margin-top:  !important;margin-bottom:  !important;order: initial;background-color: ;;}.wp-block-uagb-container.uagb-is-root-container .uagb-block-a839ee0b{width: 100%;}.wp-block-uagb-container.uagb-is-root-container.alignfull.uagb-block-a839ee0b > .uagb-container-inner-blocks-wrap{--inner-content-custom-width: min( 100%, 1024px);max-width: var(--inner-content-custom-width);width: 100%;}.wp-block-uagb-container.uagb-block-a839ee0b{padding-top: 0px;padding-bottom: 0px;padding-left: 0px;padding-right: 0px;margin-top:  !important;margin-bottom:  !important;order: initial;}.wp-block-uagb-container.uagb-is-root-container .uagb-block-2b7ff566{width: 100%;}.wp-block-uagb-container.uagb-is-root-container.alignfull.uagb-block-2b7ff566 > .uagb-container-inner-blocks-wrap{--inner-content-custom-width: min( 100%, 1024px);max-width: var(--inner-content-custom-width);width: 100%;}.wp-block-uagb-container.uagb-block-2b7ff566{padding-top: 0px;padding-bottom: 0px;padding-left: 0px;padding-right: 0px;margin-top:  !important;margin-bottom:  !important;order: initial;background-color: ;;}}@media only screen and (max-width: 767px) {.wp-block-uagb-container.uagb-is-root-container .uagb-block-26b89aa9{max-width: 100%;width: 100%;}.wp-block-uagb-container.uagb-is-root-container.alignfull.uagb-block-26b89aa9 > .uagb-container-inner-blocks-wrap{--inner-content-custom-width: min( 100%, 767px);max-width: var(--inner-content-custom-width);width: 100%;align-items: stretch;flex-wrap: wrap;}.wp-block-uagb-container.uagb-block-26b89aa9{padding-top: 30px;padding-bottom: 30px;padding-left: 30px;padding-right: 30px;margin-top:  !important;margin-bottom:  !important;order: initial;background-color: ;;}.wp-block-uagb-container.uagb-is-root-container .uagb-block-a839ee0b{max-width: 100%;width: 100%;}.wp-block-uagb-container.uagb-is-root-container.alignfull.uagb-block-a839ee0b > .uagb-container-inner-blocks-wrap{--inner-content-custom-width: min( 100%, 767px);max-width: var(--inner-content-custom-width);width: 100%;flex-wrap: wrap;}.wp-block-uagb-container.uagb-block-a839ee0b{padding-top: 0px;padding-bottom: 0px;padding-left: 0px;padding-right: 0px;margin-top:  !important;margin-bottom:  !important;order: initial;flex-wrap: wrap;}.wp-block-uagb-container.uagb-is-root-container .uagb-block-2b7ff566{max-width: 100%;width: 100%;}.wp-block-uagb-container.uagb-is-root-container.alignfull.uagb-block-2b7ff566 > .uagb-container-inner-blocks-wrap{--inner-content-custom-width: min( 100%, 767px);max-width: var(--inner-content-custom-width);width: 100%;flex-wrap: wrap;}.wp-block-uagb-container.uagb-block-2b7ff566{padding-top: 0px;padding-bottom: 0px;padding-left: 0px;padding-right: 0px;margin-top:  !important;margin-bottom:  !important;order: initial;background-color: ;;flex-wrap: wrap;}}\";s:2:\"js\";s:0:\"\";s:18:\"current_block_list\";a:3:{i:0;s:14:\"uagb\/container\";i:2;s:14:\"core\/paragraph\";i:3;s:12:\"core\/heading\";}s:8:\"uag_flag\";b:1;s:11:\"uag_version\";s:10:\"1776283935\";s:6:\"gfonts\";a:0:{}s:10:\"gfonts_url\";s:0:\"\";s:12:\"gfonts_files\";a:0:{}s:14:\"uag_faq_layout\";b:0;}"]},"uagb_featured_image_src":{"full":["https:\/\/www.wattkast.fi\/wp-content\/uploads\/wattkast-mokit-stugor-faq.jpg",1200,675,false],"thumbnail":["https:\/\/www.wattkast.fi\/wp-content\/uploads\/wattkast-mokit-stugor-faq-150x150.jpg",150,150,true],"medium":["https:\/\/www.wattkast.fi\/wp-content\/uploads\/wattkast-mokit-stugor-faq-300x169.jpg",300,169,true],"medium_large":["https:\/\/www.wattkast.fi\/wp-content\/uploads\/wattkast-mokit-stugor-faq-768x432.jpg",768,432,true],"large":["https:\/\/www.wattkast.fi\/wp-content\/uploads\/wattkast-mokit-stugor-faq-1024x576.jpg",1024,576,true],"1536x1536":["https:\/\/www.wattkast.fi\/wp-content\/uploads\/wattkast-mokit-stugor-faq.jpg",1200,675,false],"2048x2048":["https:\/\/www.wattkast.fi\/wp-content\/uploads\/wattkast-mokit-stugor-faq.jpg",1200,675,false]},"uagb_author_info":{"display_name":"Frank","author_link":"https:\/\/www.wattkast.fi\/sv\/author\/admin-542190733\/"},"uagb_comment_info":0,"uagb_excerpt":"F\u00e5r man ta med sig husdjur till stugorna?Husdjur kan tas med till stugorna om man kommit \u00f6verens om detta separat [&hellip;]","_links":{"self":[{"href":"https:\/\/www.wattkast.fi\/sv\/wp-json\/wp\/v2\/pages\/367","targetHints":{"allow":["GET"]}}],"collection":[{"href":"https:\/\/www.wattkast.fi\/sv\/wp-json\/wp\/v2\/pages"}],"about":[{"href":"https:\/\/www.wattkast.fi\/sv\/wp-json\/wp\/v2\/types\/page"}],"author":[{"embeddable":true,"href":"https:\/\/www.wattkast.fi\/sv\/wp-json\/wp\/v2\/users\/1"}],"replies":[{"embeddable":true,"href":"https:\/\/www.wattkast.fi\/sv\/wp-json\/wp\/v2\/comments?post=367"}],"version-history":[{"count":0,"href":"https:\/\/www.wattkast.fi\/sv\/wp-json\/wp\/v2\/pages\/367\/revisions"}],"wp:featuredmedia":[{"embeddable":true,"href":"https:\/\/www.wattkast.fi\/sv\/wp-json\/wp\/v2\/media\/1058"}],"wp:attachment":[{"href":"https:\/\/www.wattkast.fi\/sv\/wp-json\/wp\/v2\/media?parent=367"}],"curies":[{"name":"wp","href":"https:\/\/api.w.org\/{rel}","templated":true}]}}