{"id":366,"date":"2026-01-10T22:57:49","date_gmt":"2026-01-10T20:57:49","guid":{"rendered":"https:\/\/vn3wt5ryrz9.c.updraftclone.com\/priser\/"},"modified":"2026-02-09T23:05:09","modified_gmt":"2026-02-09T21:05:09","slug":"priser","status":"publish","type":"page","link":"https:\/\/www.wattkast.fi\/sv\/priser\/","title":{"rendered":"Priser"},"content":{"rendered":"\n<div class=\"wp-block-uagb-container uagb-block-b9838ba9 alignfull uagb-is-root-container\"><div class=\"uagb-container-inner-blocks-wrap\">\n<p>Stugorna \u00e4r \u00f6ppna fr\u00e5n maj till oktober, i april beroende p\u00e5 v\u00e4derf\u00f6rh\u00e5llanden.<\/p>\n\n\n\n<p><strong>H\u00f6gsommar 15.6\u20132.8.2026<\/strong> Fr\u00e5n midsommar och under hela juli \u00e4r hyresperioden alltid en vecka, ankomst m\u00e5ndagar och avresa s\u00f6ndagar.<\/p>\n\n\n\n<p><br\/><strong>V\u00e5r\/sensommar\/h\u00f6st 1.5\u201314.6.2026 &amp; 3.8\u20131.11.2026<\/strong> P\u00e5 v\u00e5ren och f\u00f6rsommaren, f\u00f6re midsommar, samt fr\u00e5n augusti erbjuder vi \u00e4ven veckoslutspaket (to\u2013s\u00f6) eller minst tv\u00e5 dygns hyresperioder under \u00f6vriga veckodagar.<\/p>\n\n\n\n<p><br\/><strong>Julen 2026<\/strong> \u00c4r du intresserad av att fira jul i sk\u00e4rg\u00e5rden? <a href=\"mailto:wattkaststugor@gmail.com\">Ta kontakt<\/a> f\u00f6r mer information!<\/p>\n\n\n\n<h3 class=\"wp-block-heading\"><br\/><strong>Soth\u00f6nan<\/strong><\/h3>\n\n\n\n<figure class=\"wp-block-table\"><table class=\"has-fixed-layout\"><tbody><tr><td><\/td><td><strong>Vecka<\/strong><br\/>(m\u00e5\u2013s\u00f6)<\/td><td><strong>Veckoslut<\/strong><br\/>(to\u2013s\u00f6)<\/td><td>Andra tider<br\/>(min. 2 dygn)<\/td><\/tr><tr><td><strong>April<\/strong><\/td><td>V\u00e4derres. \u2013 <a href=\"mailto:wattkastmokit@gmail.com\" target=\"_blank\" rel=\"noreferrer noopener\">Beg\u00e4r offert<\/a><\/td><td>V\u00e4derres. \u2013 <a href=\"mailto:wattkastmokit@gmail.com\" target=\"_blank\" rel=\"noreferrer noopener\">Beg\u00e4r offert<\/a><\/td><td>V\u00e4derres. \u2013 <a href=\"mailto:wattkastmokit@gmail.com\" target=\"_blank\" rel=\"noreferrer noopener\">Beg\u00e4r offert<\/a><\/td><\/tr><tr><td><strong>30.4\u201314.6<\/strong><\/td><td>890 \u20ac<\/td><td>490 \u20ac<\/td><td><a href=\"mailto:wattkastmokit@gmail.com\" target=\"_blank\" rel=\"noreferrer noopener\">Beg\u00e4r offert<\/a><\/td><\/tr><tr><td><strong>15.6\u20132.8<\/strong><\/td><td>1090 \u20ac<\/td><td><\/td><td><\/td><\/tr><tr><td><strong>3.8\u20131.11<\/strong><\/td><td>890 \u20ac<\/td><td>490 \u20ac<\/td><td><a href=\"mailto:wattkastmokit@gmail.com\" target=\"_blank\" rel=\"noreferrer noopener\">Beg\u00e4r offert<\/a><\/td><\/tr><\/tbody><\/table><\/figure>\n\n\n\n<h3 class=\"wp-block-heading\"><br\/><strong>Gulsparven &amp; Vitsippan<\/strong><\/h3>\n\n\n\n<figure class=\"wp-block-table\"><table class=\"has-fixed-layout\"><tbody><tr><td><\/td><td><strong>Vecka<\/strong><br\/>(m\u00e5\u2013s\u00f6)<\/td><td><strong>Veckoslut<\/strong><br\/>(to\u2013s\u00f6)<\/td><td>Andra tider<br\/>(min. 2 dygn)<\/td><\/tr><tr><td><strong>April<\/strong><\/td><td>V\u00e4derres. \u2013 <a href=\"mailto:wattkastmokit@gmail.com\" target=\"_blank\" rel=\"noreferrer noopener\">Beg\u00e4r offert<\/a><\/td><td>V\u00e4derres. \u2013 <a href=\"mailto:wattkastmokit@gmail.com\" target=\"_blank\" rel=\"noreferrer noopener\">Beg\u00e4r offert<\/a><\/td><td>V\u00e4derres. \u2013 <a href=\"mailto:wattkastmokit@gmail.com\" target=\"_blank\" rel=\"noreferrer noopener\">Beg\u00e4r offert<\/a><\/td><\/tr><tr><td><strong>1.5\u201314.6<\/strong><\/td><td>760 \u20ac<\/td><td>390 \u20ac<\/td><td><a href=\"mailto:wattkastmokit@gmail.com\" target=\"_blank\" rel=\"noreferrer noopener\">Beg\u00e4r offert<\/a><\/td><\/tr><tr><td><strong>15.6\u20132.8<\/strong><\/td><td>890 \u20ac<\/td><td><\/td><td><\/td><\/tr><tr><td><strong>3.8\u20131.11<\/strong><\/td><td>760 \u20ac<\/td><td>390 \u20ac<\/td><td><a href=\"mailto:wattkastmokit@gmail.com\" target=\"_blank\" rel=\"noreferrer noopener\">Beg\u00e4r offert<\/a><\/td><\/tr><\/tbody><\/table><\/figure>\n\n\n\n<p>N\u00e4r du bokat din stuga f\u00e5r du en bekr\u00e4ftelse per e\u2011post med information om bokningsavgiften. Resterande belopp faktureras f\u00f6re ankomst. <br\/><br\/>Hyresg\u00e4sten tar sj\u00e4lv med s\u00e4ngkl\u00e4der och ansvarar f\u00f6r avresest\u00e4dning. D\u00e5 stugan hyrs f\u00f6r en vecka \u00e4r incheckningen kl. 12 p\u00e5 ankomstdagen och utcheckningen senast kl. 12 p\u00e5 avresedagen. F\u00f6r veckoslutsg\u00e4ster \u00e4r incheckningen kl. 15 p\u00e5 torsdag och utcheckning senast kl. 15 p\u00e5 s\u00f6ndag.  <br\/><br\/>Stugan ska l\u00e4mnas i samma skick som vid ankomst. F\u00f6r extra slutst\u00e4dning debiteras 250 \u20ac. <\/p>\n\n\n\n<p><a href=\"https:\/\/wattkast.fi\/wp-content\/uploads\/wattkast-mokit-varausehdot.pdf\" target=\"_blank\" rel=\"noreferrer noopener\">Bokningsvillkor<\/a><\/p>\n\n\n\n<p><strong>Bokningar och f\u00f6rfr\u00e5gningar:<br\/><\/strong><a href=\"mailto:wattkastmokit@gmail.com\" target=\"_blank\" rel=\"noreferrer noopener\">wattkastmokit@gmail.com<\/a> \/ +358 400 826 840<\/p>\n<\/div><\/div>\n","protected":false},"excerpt":{"rendered":"<p>Stugorna \u00e4r \u00f6ppna fr\u00e5n maj till oktober, i april beroende p\u00e5 v\u00e4derf\u00f6rh\u00e5llanden. H\u00f6gsommar 15.6\u20132.8.2026 Fr\u00e5n midsommar och under hela juli [&hellip;]<\/p>\n","protected":false},"author":1,"featured_media":1056,"parent":0,"menu_order":4,"comment_status":"closed","ping_status":"closed","template":"","meta":{"_uag_custom_page_level_css":"","site-sidebar-layout":"default","site-content-layout":"","ast-site-content-layout":"default","site-content-style":"default","site-sidebar-style":"default","ast-global-header-display":"","ast-banner-title-visibility":"","ast-main-header-display":"","ast-hfb-above-header-display":"","ast-hfb-below-header-display":"","ast-hfb-mobile-header-display":"","site-post-title":"disabled","ast-breadcrumbs-content":"","ast-featured-img":"","footer-sml-layout":"","ast-disable-related-posts":"","theme-transparent-header-meta":"","adv-header-id-meta":"","stick-header-meta":"","header-above-stick-meta":"","header-main-stick-meta":"","header-below-stick-meta":"","astra-migrate-meta-layouts":"default","ast-page-background-enabled":"default","ast-page-background-meta":{"desktop":{"background-color":"var(--ast-global-color-5)","background-image":"","background-repeat":"repeat","background-position":"center center","background-size":"auto","background-attachment":"scroll","background-type":"","background-media":"","overlay-type":"","overlay-color":"","overlay-opacity":"","overlay-gradient":""},"tablet":{"background-color":"","background-image":"","background-repeat":"repeat","background-position":"center center","background-size":"auto","background-attachment":"scroll","background-type":"","background-media":"","overlay-type":"","overlay-color":"","overlay-opacity":"","overlay-gradient":""},"mobile":{"background-color":"","background-image":"","background-repeat":"repeat","background-position":"center center","background-size":"auto","background-attachment":"scroll","background-type":"","background-media":"","overlay-type":"","overlay-color":"","overlay-opacity":"","overlay-gradient":""}},"ast-content-background-meta":{"desktop":{"background-color":"var(--ast-global-color-4)","background-image":"","background-repeat":"repeat","background-position":"center center","background-size":"auto","background-attachment":"scroll","background-type":"","background-media":"","overlay-type":"","overlay-color":"","overlay-opacity":"","overlay-gradient":""},"tablet":{"background-color":"var(--ast-global-color-4)","background-image":"","background-repeat":"repeat","background-position":"center center","background-size":"auto","background-attachment":"scroll","background-type":"","background-media":"","overlay-type":"","overlay-color":"","overlay-opacity":"","overlay-gradient":""},"mobile":{"background-color":"var(--ast-global-color-4)","background-image":"","background-repeat":"repeat","background-position":"center center","background-size":"auto","background-attachment":"scroll","background-type":"","background-media":"","overlay-type":"","overlay-color":"","overlay-opacity":"","overlay-gradient":""}},"footnotes":""},"class_list":["post-366","page","type-page","status-publish","has-post-thumbnail","hentry"],"spectra_custom_meta":{"_top_nav_excluded":[""],"_cms_nav_minihome":[""],"_last_translation_edit_mode":["translation-editor"],"_wpml_word_count":["267"],"_wp_page_template":[""],"rank_math_analytic_object_id":["22"],"_thumbnail_id":["1056"],"astra_style_timestamp_css":["1769696266"],"ast-main-header-display":[""],"ast-hfb-above-header-display":[""],"ast-hfb-below-header-display":[""],"ast-hfb-mobile-header-display":[""],"adv-header-id-meta":[""],"footer-sml-layout":[""],"stick-header-meta":[""],"header-main-stick-meta":[""],"header-above-stick-meta":[""],"header-below-stick-meta":[""],"site-post-title":["disabled"],"site-sidebar-layout":["default"],"site-content-layout":[""],"ast-featured-img":[""],"ast-breadcrumbs-content":[""],"theme-transparent-header-meta":[""],"ast-banner-title-visibility":[""],"ast-global-header-display":[""],"ast-site-content-layout":["default"],"site-content-style":["default"],"site-sidebar-style":["default"],"rank_math_internal_links_processed":["1"],"_uag_page_assets":["a:9:{s:3:\"css\";s:2429:\".wp-block-uagb-container.uagb-block-b9838ba9 .uagb-container__shape-top svg{width: calc( 100% + 1.3px );}.wp-block-uagb-container.uagb-block-b9838ba9 .uagb-container__shape.uagb-container__shape-top .uagb-container__shape-fill{fill: rgba(51,51,51,1);}.wp-block-uagb-container.uagb-block-b9838ba9 .uagb-container__shape-bottom svg{width: calc( 100% + 1.3px );}.wp-block-uagb-container.uagb-block-b9838ba9 .uagb-container__shape.uagb-container__shape-bottom .uagb-container__shape-fill{fill: rgba(51,51,51,1);}.wp-block-uagb-container.uagb-block-b9838ba9 .uagb-container__video-wrap video{opacity: 1;}.wp-block-uagb-container.uagb-is-root-container .uagb-block-b9838ba9{max-width: 100%;width: 100%;}.wp-block-uagb-container.uagb-is-root-container.alignfull.uagb-block-b9838ba9 > .uagb-container-inner-blocks-wrap{--inner-content-custom-width: min( 100%, 1200px);max-width: var(--inner-content-custom-width);width: 100%;flex-direction: column;align-items: center;justify-content: center;flex-wrap: nowrap;row-gap: 0px;column-gap: 0px;}.wp-block-uagb-container.uagb-block-b9838ba9{box-shadow: 0px 0px   #00000070 ;padding-top: 60px;padding-bottom: 60px;padding-left: 60px;padding-right: 60px;margin-top:  !important;margin-bottom:  !important;overflow: visible;order: initial;border-color: inherit;row-gap: 0px;column-gap: 0px;}@media only screen and (max-width: 976px) {.wp-block-uagb-container.uagb-is-root-container .uagb-block-b9838ba9{width: 100%;}.wp-block-uagb-container.uagb-is-root-container.alignfull.uagb-block-b9838ba9 > .uagb-container-inner-blocks-wrap{--inner-content-custom-width: min( 100%, 1024px);max-width: var(--inner-content-custom-width);width: 100%;}.wp-block-uagb-container.uagb-block-b9838ba9{padding-top: 30px;padding-bottom: 30px;padding-left: 30px;padding-right: 30px;margin-top:  !important;margin-bottom:  !important;order: initial;}}@media only screen and (max-width: 767px) {.wp-block-uagb-container.uagb-is-root-container .uagb-block-b9838ba9{max-width: 100%;width: 100%;}.wp-block-uagb-container.uagb-is-root-container.alignfull.uagb-block-b9838ba9 > .uagb-container-inner-blocks-wrap{--inner-content-custom-width: min( 100%, 767px);max-width: var(--inner-content-custom-width);width: 100%;flex-wrap: wrap;}.wp-block-uagb-container.uagb-block-b9838ba9{padding-top: 30px;padding-bottom: 30px;padding-left: 30px;padding-right: 30px;margin-top:  !important;margin-bottom:  !important;order: initial;}}\";s:2:\"js\";s:0:\"\";s:18:\"current_block_list\";a:4:{i:0;s:14:\"uagb\/container\";i:1;s:14:\"core\/paragraph\";i:2;s:12:\"core\/heading\";i:3;s:10:\"core\/table\";}s:8:\"uag_flag\";b:1;s:11:\"uag_version\";s:10:\"1776321328\";s:6:\"gfonts\";a:0:{}s:10:\"gfonts_url\";s:0:\"\";s:12:\"gfonts_files\";a:0:{}s:14:\"uag_faq_layout\";b:0;}"]},"uagb_featured_image_src":{"full":["https:\/\/www.wattkast.fi\/wp-content\/uploads\/wattkast-mokit-stugor-hinnat-priser.jpg",1200,675,false],"thumbnail":["https:\/\/www.wattkast.fi\/wp-content\/uploads\/wattkast-mokit-stugor-hinnat-priser-150x150.jpg",150,150,true],"medium":["https:\/\/www.wattkast.fi\/wp-content\/uploads\/wattkast-mokit-stugor-hinnat-priser-300x169.jpg",300,169,true],"medium_large":["https:\/\/www.wattkast.fi\/wp-content\/uploads\/wattkast-mokit-stugor-hinnat-priser-768x432.jpg",768,432,true],"large":["https:\/\/www.wattkast.fi\/wp-content\/uploads\/wattkast-mokit-stugor-hinnat-priser-1024x576.jpg",1024,576,true],"1536x1536":["https:\/\/www.wattkast.fi\/wp-content\/uploads\/wattkast-mokit-stugor-hinnat-priser.jpg",1200,675,false],"2048x2048":["https:\/\/www.wattkast.fi\/wp-content\/uploads\/wattkast-mokit-stugor-hinnat-priser.jpg",1200,675,false]},"uagb_author_info":{"display_name":"Frank","author_link":"https:\/\/www.wattkast.fi\/sv\/author\/admin-542190733\/"},"uagb_comment_info":0,"uagb_excerpt":"Stugorna \u00e4r \u00f6ppna fr\u00e5n maj till oktober, i april beroende p\u00e5 v\u00e4derf\u00f6rh\u00e5llanden. H\u00f6gsommar 15.6\u20132.8.2026 Fr\u00e5n midsommar och under hela juli [&hellip;]","_links":{"self":[{"href":"https:\/\/www.wattkast.fi\/sv\/wp-json\/wp\/v2\/pages\/366","targetHints":{"allow":["GET"]}}],"collection":[{"href":"https:\/\/www.wattkast.fi\/sv\/wp-json\/wp\/v2\/pages"}],"about":[{"href":"https:\/\/www.wattkast.fi\/sv\/wp-json\/wp\/v2\/types\/page"}],"author":[{"embeddable":true,"href":"https:\/\/www.wattkast.fi\/sv\/wp-json\/wp\/v2\/users\/1"}],"replies":[{"embeddable":true,"href":"https:\/\/www.wattkast.fi\/sv\/wp-json\/wp\/v2\/comments?post=366"}],"version-history":[{"count":0,"href":"https:\/\/www.wattkast.fi\/sv\/wp-json\/wp\/v2\/pages\/366\/revisions"}],"wp:featuredmedia":[{"embeddable":true,"href":"https:\/\/www.wattkast.fi\/sv\/wp-json\/wp\/v2\/media\/1056"}],"wp:attachment":[{"href":"https:\/\/www.wattkast.fi\/sv\/wp-json\/wp\/v2\/media?parent=366"}],"curies":[{"name":"wp","href":"https:\/\/api.w.org\/{rel}","templated":true}]}}