{"id":365,"date":"2026-01-10T23:00:46","date_gmt":"2026-01-10T21:00:46","guid":{"rendered":"https:\/\/vn3wt5ryrz9.c.updraftclone.com\/ankomst\/"},"modified":"2026-02-05T09:14:38","modified_gmt":"2026-02-05T07:14:38","slug":"ankomst","status":"publish","type":"page","link":"https:\/\/www.wattkast.fi\/sv\/ankomst\/","title":{"rendered":"Ankomst"},"content":{"rendered":"\n<div class=\"wp-block-uagb-container uagb-block-062166e7 alignfull uagb-is-root-container\">\n<div class=\"wp-block-uagb-container uagb-block-8abb8329\">\n<h2 class=\"wp-block-heading\">Anl\u00e4nd till stugbyn<\/h2>\n\n\n\n<p><strong>Nyckelavh\u00e4mtning:<br\/><\/strong>Wattkastv\u00e4gen 425<\/p>\n\n\n\n<p>Resan till oss \u00e4r en upplevelse i sig. Du f\u00e5r m\u00e5nga chanser att beundra den fina sk\u00e4rg\u00e5rdsnaturen l\u00e4ngs v\u00e4gen d\u00e5 du \u00e5ker med tv\u00e5 f\u00e4rjor och \u00f6ver otaliga broar. <\/p>\n\n\n\n<p>L\u00e4ngs v\u00e4gen i Pargas, Nagu och Korpo hittar du caf\u00e9er, sm\u00e5 butiker och restauranger. <br\/>F\u00e4rjorna g\u00e5r kontinuerligt under sommaren och det \u00e4r s\u00e4llan l\u00e4ngre k\u00f6er till de nya stora f\u00e4rjorna. Tidtabeller f\u00f6r f\u00e4rjorna hittar du <a href=\"https:\/\/www.finferries.fi\/lauttaliikenne\/lauttapaikat-ja-aikataulut.html\" target=\"_blank\" rel=\"noreferrer noopener\">h\u00e4r<\/a>.<\/p>\n<\/div>\n\n\n\n<div class=\"wp-block-uagb-container uagb-block-a49b7802\">\t\t\t<div \n\t\t\tclass=\"wp-block-uagb-google-map uagb-google-map__wrap uagb-block-776adc38     \"\n\t\t\tstyle=\"\" >\n\t\t\t\t<embed\n\t\t\t\t\tclass=\"uagb-google-map__iframe\"\n\t\t\t\t\ttitle=\"Google Map for \"\n\t\t\t\t\tsrc=\"https:\/\/maps.google.com\/maps?q=Wattkast%20m%C3%B6kit&#038;z=13&#038;hl=fi&#038;t=m&#038;output=embed&#038;iwloc=near\"\n\t\t\t\t\twidth=\"640\"\n\t\t\t\t\theight=\"480\"\n\t\t\t\t\tloading=\"lazy\"\n\t\t\t\t><\/embed>\n\t\t\t<\/div>\n\t\t\t<\/div>\n<\/div>\n\n<div class=\"wp-block-uagb-container uagb-block-40a2548c alignfull uagb-is-root-container\">\n<div class=\"wp-block-uagb-container uagb-block-bc0461fe\">\n<figure class=\"wp-block-image size-large\"><img loading=\"lazy\" decoding=\"async\" width=\"1024\" height=\"683\" src=\"https:\/\/wattkast.fi\/wp-content\/uploads\/wattkastviken-1024x683.jpg\" alt=\"Wattkastiviken\" class=\"wp-image-619\" title=\"\" srcset=\"https:\/\/www.wattkast.fi\/wp-content\/uploads\/wattkastviken-1024x683.jpg 1024w, https:\/\/www.wattkast.fi\/wp-content\/uploads\/wattkastviken-300x200.jpg 300w, https:\/\/www.wattkast.fi\/wp-content\/uploads\/wattkastviken-768x512.jpg 768w, https:\/\/www.wattkast.fi\/wp-content\/uploads\/wattkastviken-1536x1024.jpg 1536w, https:\/\/www.wattkast.fi\/wp-content\/uploads\/wattkastviken.jpg 1725w\" sizes=\"auto, (max-width: 1024px) 100vw, 1024px\" \/><\/figure>\n<\/div>\n\n\n\n<div class=\"wp-block-uagb-container uagb-block-e1c2650a\">\n<h3 class=\"wp-block-heading\">Avst\u00e5nd<\/h3>\n\n\n\n<p>Avh\u00e4mtning av nycklar 1 km<br\/>Bussh\u00e5llplats 5 km (Sk\u00e4rg\u00e5rdsv\u00e4gen)<br\/>Korpo centrum 11 km<br\/>Galtby hamn 7 km (f\u00e4rjor till Norrskata, Houtsk\u00e4r och \u00c5land)<br\/>Korppo, Retais f\u00e4rjstrand 8 km<br\/>Nagu-P\u00e4rn\u00e4s f\u00e4rjstrand 9 km (f\u00f6rbindelseb\u00e5t til Asp\u00f6, Jurmo ja Ut\u00f6) <br\/>\u00c5bo 82 km, k\u00f6rtid ca 2 h<br\/>Helsingfors 230 km, k\u00f6rtid ca 3,5 h<br\/>Tammerfors 240 km, k\u00f6rtid knappt 4 h<\/p>\n<\/div>\n<\/div>\n","protected":false},"excerpt":{"rendered":"<p>Anl\u00e4nd till stugbyn Nyckelavh\u00e4mtning:Wattkastv\u00e4gen 425 Resan till oss \u00e4r en upplevelse i sig. Du f\u00e5r m\u00e5nga chanser att beundra den [&hellip;]<\/p>\n","protected":false},"author":1,"featured_media":1062,"parent":0,"menu_order":3,"comment_status":"closed","ping_status":"closed","template":"","meta":{"_uag_custom_page_level_css":"","site-sidebar-layout":"default","site-content-layout":"","ast-site-content-layout":"default","site-content-style":"default","site-sidebar-style":"default","ast-global-header-display":"","ast-banner-title-visibility":"","ast-main-header-display":"","ast-hfb-above-header-display":"","ast-hfb-below-header-display":"","ast-hfb-mobile-header-display":"","site-post-title":"disabled","ast-breadcrumbs-content":"","ast-featured-img":"","footer-sml-layout":"","ast-disable-related-posts":"","theme-transparent-header-meta":"","adv-header-id-meta":"","stick-header-meta":"","header-above-stick-meta":"","header-main-stick-meta":"","header-below-stick-meta":"","astra-migrate-meta-layouts":"default","ast-page-background-enabled":"default","ast-page-background-meta":{"desktop":{"background-color":"var(--ast-global-color-5)","background-image":"","background-repeat":"repeat","background-position":"center center","background-size":"auto","background-attachment":"scroll","background-type":"","background-media":"","overlay-type":"","overlay-color":"","overlay-opacity":"","overlay-gradient":""},"tablet":{"background-color":"","background-image":"","background-repeat":"repeat","background-position":"center center","background-size":"auto","background-attachment":"scroll","background-type":"","background-media":"","overlay-type":"","overlay-color":"","overlay-opacity":"","overlay-gradient":""},"mobile":{"background-color":"","background-image":"","background-repeat":"repeat","background-position":"center center","background-size":"auto","background-attachment":"scroll","background-type":"","background-media":"","overlay-type":"","overlay-color":"","overlay-opacity":"","overlay-gradient":""}},"ast-content-background-meta":{"desktop":{"background-color":"var(--ast-global-color-4)","background-image":"","background-repeat":"repeat","background-position":"center center","background-size":"auto","background-attachment":"scroll","background-type":"","background-media":"","overlay-type":"","overlay-color":"","overlay-opacity":"","overlay-gradient":""},"tablet":{"background-color":"var(--ast-global-color-4)","background-image":"","background-repeat":"repeat","background-position":"center center","background-size":"auto","background-attachment":"scroll","background-type":"","background-media":"","overlay-type":"","overlay-color":"","overlay-opacity":"","overlay-gradient":""},"mobile":{"background-color":"var(--ast-global-color-4)","background-image":"","background-repeat":"repeat","background-position":"center center","background-size":"auto","background-attachment":"scroll","background-type":"","background-media":"","overlay-type":"","overlay-color":"","overlay-opacity":"","overlay-gradient":""}},"footnotes":""},"class_list":["post-365","page","type-page","status-publish","has-post-thumbnail","hentry"],"spectra_custom_meta":{"_top_nav_excluded":[""],"_cms_nav_minihome":[""],"_last_translation_edit_mode":["translation-editor"],"_wpml_word_count":["139"],"_wp_page_template":[""],"rank_math_analytic_object_id":["15"],"_thumbnail_id":["1062"],"astra_style_timestamp_css":["1770049427"],"ast-main-header-display":[""],"ast-hfb-above-header-display":[""],"ast-hfb-below-header-display":[""],"ast-hfb-mobile-header-display":[""],"adv-header-id-meta":[""],"footer-sml-layout":[""],"stick-header-meta":[""],"header-main-stick-meta":[""],"header-above-stick-meta":[""],"header-below-stick-meta":[""],"site-post-title":["disabled"],"site-sidebar-layout":["default"],"site-content-layout":[""],"ast-featured-img":[""],"ast-breadcrumbs-content":[""],"theme-transparent-header-meta":[""],"ast-banner-title-visibility":[""],"ast-global-header-display":[""],"ast-site-content-layout":["default"],"site-content-style":["default"],"site-sidebar-style":["default"],"rank_math_internal_links_processed":["1"],"_uag_page_assets":["a:9:{s:3:\"css\";s:13656:\".wp-block-uagb-container.uagb-block-062166e7 .uagb-container__shape-top svg{width: calc( 100% + 1.3px );}.wp-block-uagb-container.uagb-block-062166e7 .uagb-container__shape.uagb-container__shape-top .uagb-container__shape-fill{fill: rgba(51,51,51,1);}.wp-block-uagb-container.uagb-block-062166e7 .uagb-container__shape-bottom svg{width: calc( 100% + 1.3px );}.wp-block-uagb-container.uagb-block-062166e7 .uagb-container__shape.uagb-container__shape-bottom .uagb-container__shape-fill{fill: rgba(51,51,51,1);}.wp-block-uagb-container.uagb-block-062166e7 .uagb-container__video-wrap video{opacity: 1;}.wp-block-uagb-container.uagb-is-root-container .uagb-block-062166e7{max-width: 100%;width: 100%;}.wp-block-uagb-container.uagb-block-062166e7{box-shadow: 0px 0px   #00000070 ;padding-top: 60px;padding-bottom: 60px;padding-left: 60px;padding-right: 60px;margin-top:  !important;margin-bottom:  !important;overflow: visible;order: initial;border-color: inherit;flex-direction: row;align-items: center;justify-content: center;flex-wrap: nowrap;row-gap: 0px;column-gap: 60px;}.wp-block-uagb-container.uagb-block-8abb8329 .uagb-container__shape-top svg{width: calc( 100% + 1.3px );}.wp-block-uagb-container.uagb-block-8abb8329 .uagb-container__shape.uagb-container__shape-top .uagb-container__shape-fill{fill: rgba(51,51,51,1);}.wp-block-uagb-container.uagb-block-8abb8329 .uagb-container__shape-bottom svg{width: calc( 100% + 1.3px );}.wp-block-uagb-container.uagb-block-8abb8329 .uagb-container__shape.uagb-container__shape-bottom .uagb-container__shape-fill{fill: rgba(51,51,51,1);}.wp-block-uagb-container.uagb-block-8abb8329 .uagb-container__video-wrap video{opacity: 1;}.wp-block-uagb-container.uagb-is-root-container .uagb-block-8abb8329{max-width: 50%;width: 100%;}.wp-block-uagb-container.uagb-is-root-container.alignfull.uagb-block-8abb8329 > .uagb-container-inner-blocks-wrap{--inner-content-custom-width: min( 100%, 1200px);max-width: var(--inner-content-custom-width);width: 100%;flex-direction: column;align-items: center;justify-content: center;flex-wrap: nowrap;row-gap: 0px;column-gap: 0px;}.wp-block-uagb-container.uagb-block-8abb8329{box-shadow: 0px 0px   #00000070 ;padding-top: 0px;padding-bottom: 0px;padding-left: 0px;padding-right: 0px;margin-top:  !important;margin-bottom:  !important;overflow: visible;order: initial;border-color: inherit;flex-direction: column;align-items: center;justify-content: center;flex-wrap: nowrap;row-gap: 0px;column-gap: 0px;}.wp-block-uagb-container.uagb-block-a49b7802 .uagb-container__shape-top svg{width: calc( 100% + 1.3px );}.wp-block-uagb-container.uagb-block-a49b7802 .uagb-container__shape.uagb-container__shape-top .uagb-container__shape-fill{fill: rgba(51,51,51,1);}.wp-block-uagb-container.uagb-block-a49b7802 .uagb-container__shape-bottom svg{width: calc( 100% + 1.3px );}.wp-block-uagb-container.uagb-block-a49b7802 .uagb-container__shape.uagb-container__shape-bottom .uagb-container__shape-fill{fill: rgba(51,51,51,1);}.wp-block-uagb-container.uagb-block-a49b7802 .uagb-container__video-wrap video{opacity: 1;}.wp-block-uagb-container.uagb-is-root-container .uagb-block-a49b7802{max-width: 50%;width: 100%;}.wp-block-uagb-container.uagb-is-root-container.alignfull.uagb-block-a49b7802 > .uagb-container-inner-blocks-wrap{--inner-content-custom-width: min( 100%, 1200px);max-width: var(--inner-content-custom-width);width: 100%;flex-direction: column;align-items: center;justify-content: center;flex-wrap: nowrap;row-gap: 0px;column-gap: 0px;}.wp-block-uagb-container.uagb-block-a49b7802{box-shadow: 0px 0px   #00000070 ;padding-top: 0px;padding-bottom: 0px;padding-left: 0px;padding-right: 0px;margin-top:  !important;margin-bottom:  !important;overflow: visible;order: initial;border-color: inherit;background-color: #f0f0f0;;flex-direction: column;align-items: center;justify-content: center;flex-wrap: nowrap;row-gap: 0px;column-gap: 0px;} .uagb-block-776adc38 .uagb-google-map__iframe{height: 480px;}.wp-block-uagb-container.uagb-block-40a2548c .uagb-container__shape-top svg{width: calc( 100% + 1.3px );}.wp-block-uagb-container.uagb-block-40a2548c .uagb-container__shape.uagb-container__shape-top .uagb-container__shape-fill{fill: rgba(51,51,51,1);}.wp-block-uagb-container.uagb-block-40a2548c .uagb-container__shape-bottom svg{width: calc( 100% + 1.3px );}.wp-block-uagb-container.uagb-block-40a2548c .uagb-container__shape.uagb-container__shape-bottom .uagb-container__shape-fill{fill: rgba(51,51,51,1);}.wp-block-uagb-container.uagb-block-40a2548c .uagb-container__video-wrap video{opacity: 1;}.wp-block-uagb-container.uagb-is-root-container .uagb-block-40a2548c{max-width: 100%;width: 100%;}.wp-block-uagb-container.uagb-block-40a2548c{box-shadow: 0px 0px   #00000070 ;padding-top: 60px;padding-bottom: 60px;padding-left: 60px;padding-right: 60px;margin-top:  !important;margin-bottom:  !important;overflow: visible;order: initial;border-color: inherit;background-color: var(--ast-global-color-5);;flex-direction: row;align-items: center;justify-content: center;flex-wrap: nowrap;row-gap: 0px;column-gap: 60px;}.wp-block-uagb-container.uagb-block-bc0461fe .uagb-container__shape-top svg{width: calc( 100% + 1.3px );}.wp-block-uagb-container.uagb-block-bc0461fe .uagb-container__shape.uagb-container__shape-top .uagb-container__shape-fill{fill: rgba(51,51,51,1);}.wp-block-uagb-container.uagb-block-bc0461fe .uagb-container__shape-bottom svg{width: calc( 100% + 1.3px );}.wp-block-uagb-container.uagb-block-bc0461fe .uagb-container__shape.uagb-container__shape-bottom .uagb-container__shape-fill{fill: rgba(51,51,51,1);}.wp-block-uagb-container.uagb-block-bc0461fe .uagb-container__video-wrap video{opacity: 1;}.wp-block-uagb-container.uagb-is-root-container .uagb-block-bc0461fe{max-width: 50%;width: 100%;}.wp-block-uagb-container.uagb-is-root-container.alignfull.uagb-block-bc0461fe > .uagb-container-inner-blocks-wrap{--inner-content-custom-width: min( 100%, 1200px);max-width: var(--inner-content-custom-width);width: 100%;flex-direction: column;align-items: center;justify-content: center;flex-wrap: nowrap;row-gap: 0px;column-gap: 0px;}.wp-block-uagb-container.uagb-block-bc0461fe{box-shadow: 0px 0px   #00000070 ;padding-top: 0px;padding-bottom: 0px;padding-left: 0px;padding-right: 0px;margin-top:  !important;margin-bottom:  !important;overflow: visible;order: initial;border-color: inherit;flex-direction: column;align-items: center;justify-content: center;flex-wrap: nowrap;row-gap: 0px;column-gap: 0px;}.wp-block-uagb-container.uagb-block-e1c2650a .uagb-container__shape-top svg{width: calc( 100% + 1.3px );}.wp-block-uagb-container.uagb-block-e1c2650a .uagb-container__shape.uagb-container__shape-top .uagb-container__shape-fill{fill: rgba(51,51,51,1);}.wp-block-uagb-container.uagb-block-e1c2650a .uagb-container__shape-bottom svg{width: calc( 100% + 1.3px );}.wp-block-uagb-container.uagb-block-e1c2650a .uagb-container__shape.uagb-container__shape-bottom .uagb-container__shape-fill{fill: rgba(51,51,51,1);}.wp-block-uagb-container.uagb-block-e1c2650a .uagb-container__video-wrap video{opacity: 1;}.wp-block-uagb-container.uagb-is-root-container .uagb-block-e1c2650a{max-width: 50%;width: 100%;}.wp-block-uagb-container.uagb-is-root-container.alignfull.uagb-block-e1c2650a > .uagb-container-inner-blocks-wrap{--inner-content-custom-width: min( 100%, 1200px);max-width: var(--inner-content-custom-width);width: 100%;flex-direction: column;align-items: center;justify-content: center;flex-wrap: nowrap;row-gap: 0px;column-gap: 0px;}.wp-block-uagb-container.uagb-block-e1c2650a{box-shadow: 0px 0px   #00000070 ;padding-top: 0px;padding-bottom: 0px;padding-left: 0px;padding-right: 0px;margin-top:  !important;margin-bottom:  !important;overflow: visible;order: initial;border-color: inherit;background-color: ;;flex-direction: column;align-items: center;justify-content: center;flex-wrap: nowrap;row-gap: 0px;column-gap: 0px;}@media only screen and (max-width: 976px) {.wp-block-uagb-container.uagb-is-root-container .uagb-block-062166e7{width: 100%;}.wp-block-uagb-container.uagb-block-062166e7{padding-top: 30px;padding-bottom: 30px;padding-left: 30px;padding-right: 30px;margin-top:  !important;margin-bottom:  !important;order: initial;align-items: stretch;}.wp-block-uagb-container.uagb-is-root-container .uagb-block-8abb8329{width: 100%;}.wp-block-uagb-container.uagb-is-root-container.alignfull.uagb-block-8abb8329 > .uagb-container-inner-blocks-wrap{--inner-content-custom-width: min( 100%, 1024px);max-width: var(--inner-content-custom-width);width: 100%;}.wp-block-uagb-container.uagb-block-8abb8329{padding-top: 0px;padding-bottom: 0px;padding-left: 0px;padding-right: 0px;margin-top:  !important;margin-bottom:  !important;order: initial;}.wp-block-uagb-container.uagb-is-root-container .uagb-block-a49b7802{width: 100%;}.wp-block-uagb-container.uagb-is-root-container.alignfull.uagb-block-a49b7802 > .uagb-container-inner-blocks-wrap{--inner-content-custom-width: min( 100%, 1024px);max-width: var(--inner-content-custom-width);width: 100%;}.wp-block-uagb-container.uagb-block-a49b7802{padding-top: 0px;padding-bottom: 0px;padding-left: 0px;padding-right: 0px;margin-top:  !important;margin-bottom:  !important;order: initial;background-color: #f0f0f0;;} .uagb-block-776adc38 .uagb-google-map__iframe{height: 300px;}.wp-block-uagb-container.uagb-is-root-container .uagb-block-40a2548c{width: 100%;}.wp-block-uagb-container.uagb-block-40a2548c{padding-top: 30px;padding-bottom: 30px;padding-left: 30px;padding-right: 30px;margin-top:  !important;margin-bottom:  !important;order: initial;background-color: var(--ast-global-color-5);;align-items: stretch;}.wp-block-uagb-container.uagb-is-root-container .uagb-block-bc0461fe{width: 100%;}.wp-block-uagb-container.uagb-is-root-container.alignfull.uagb-block-bc0461fe > .uagb-container-inner-blocks-wrap{--inner-content-custom-width: min( 100%, 1024px);max-width: var(--inner-content-custom-width);width: 100%;}.wp-block-uagb-container.uagb-block-bc0461fe{padding-top: 0px;padding-bottom: 0px;padding-left: 0px;padding-right: 0px;margin-top:  !important;margin-bottom:  !important;order: initial;}.wp-block-uagb-container.uagb-is-root-container .uagb-block-e1c2650a{width: 100%;}.wp-block-uagb-container.uagb-is-root-container.alignfull.uagb-block-e1c2650a > .uagb-container-inner-blocks-wrap{--inner-content-custom-width: min( 100%, 1024px);max-width: var(--inner-content-custom-width);width: 100%;}.wp-block-uagb-container.uagb-block-e1c2650a{padding-top: 0px;padding-bottom: 0px;padding-left: 0px;padding-right: 0px;margin-top:  !important;margin-bottom:  !important;order: initial;background-color: ;;}}@media only screen and (max-width: 767px) {.wp-block-uagb-container.uagb-is-root-container .uagb-block-062166e7{max-width: 100%;width: 100%;}.wp-block-uagb-container.uagb-block-062166e7{padding-top: 30px;padding-bottom: 30px;padding-left: 30px;padding-right: 30px;margin-top:  !important;margin-bottom:  !important;order: initial;align-items: stretch;flex-wrap: wrap-reverse;}.wp-block-uagb-container.uagb-is-root-container .uagb-block-8abb8329{max-width: 100%;width: 100%;}.wp-block-uagb-container.uagb-is-root-container.alignfull.uagb-block-8abb8329 > .uagb-container-inner-blocks-wrap{--inner-content-custom-width: min( 100%, 767px);max-width: var(--inner-content-custom-width);width: 100%;flex-wrap: wrap;}.wp-block-uagb-container.uagb-block-8abb8329{padding-top: 30px;padding-bottom: 0px;padding-left: 0px;padding-right: 0px;margin-top:  !important;margin-bottom:  !important;order: initial;flex-wrap: wrap;}.wp-block-uagb-container.uagb-is-root-container .uagb-block-a49b7802{max-width: 100%;width: 100%;}.wp-block-uagb-container.uagb-is-root-container.alignfull.uagb-block-a49b7802 > .uagb-container-inner-blocks-wrap{--inner-content-custom-width: min( 100%, 767px);max-width: var(--inner-content-custom-width);width: 100%;flex-wrap: wrap;}.wp-block-uagb-container.uagb-block-a49b7802{padding-top: 0px;padding-bottom: 0px;padding-left: 0px;padding-right: 0px;margin-top:  !important;margin-bottom:  !important;order: initial;background-color: #f0f0f0;;flex-wrap: wrap;} .uagb-block-776adc38 .uagb-google-map__iframe{height: 300px;}.wp-block-uagb-container.uagb-is-root-container .uagb-block-40a2548c{max-width: 100%;width: 100%;}.wp-block-uagb-container.uagb-block-40a2548c{padding-top: 30px;padding-bottom: 30px;padding-left: 30px;padding-right: 30px;margin-top:  !important;margin-bottom:  !important;order: initial;background-color: var(--ast-global-color-5);;align-items: stretch;flex-wrap: wrap;}.wp-block-uagb-container.uagb-is-root-container .uagb-block-bc0461fe{max-width: 100%;width: 100%;}.wp-block-uagb-container.uagb-is-root-container.alignfull.uagb-block-bc0461fe > .uagb-container-inner-blocks-wrap{--inner-content-custom-width: min( 100%, 767px);max-width: var(--inner-content-custom-width);width: 100%;flex-wrap: wrap;}.wp-block-uagb-container.uagb-block-bc0461fe{padding-top: 0px;padding-bottom: 0px;padding-left: 0px;padding-right: 0px;margin-top:  !important;margin-bottom:  !important;order: initial;flex-wrap: wrap;}.wp-block-uagb-container.uagb-is-root-container .uagb-block-e1c2650a{max-width: 100%;width: 100%;}.wp-block-uagb-container.uagb-is-root-container.alignfull.uagb-block-e1c2650a > .uagb-container-inner-blocks-wrap{--inner-content-custom-width: min( 100%, 767px);max-width: var(--inner-content-custom-width);width: 100%;flex-wrap: wrap;}.wp-block-uagb-container.uagb-block-e1c2650a{padding-top: 30px;padding-bottom: 0px;padding-left: 0px;padding-right: 0px;margin-top:  !important;margin-bottom:  !important;order: initial;background-color: ;;flex-wrap: wrap;}}\";s:2:\"js\";s:0:\"\";s:18:\"current_block_list\";a:5:{i:0;s:14:\"uagb\/container\";i:2;s:12:\"core\/heading\";i:3;s:14:\"core\/paragraph\";i:5;s:15:\"uagb\/google-map\";i:8;s:10:\"core\/image\";}s:8:\"uag_flag\";b:1;s:11:\"uag_version\";s:10:\"1776392314\";s:6:\"gfonts\";a:0:{}s:10:\"gfonts_url\";s:0:\"\";s:12:\"gfonts_files\";a:0:{}s:14:\"uag_faq_layout\";b:0;}"]},"uagb_featured_image_src":{"full":["https:\/\/www.wattkast.fi\/wp-content\/uploads\/wattkast-mokit-stugor-saapuminen-ankomst.jpg",1200,800,false],"thumbnail":["https:\/\/www.wattkast.fi\/wp-content\/uploads\/wattkast-mokit-stugor-saapuminen-ankomst-150x150.jpg",150,150,true],"medium":["https:\/\/www.wattkast.fi\/wp-content\/uploads\/wattkast-mokit-stugor-saapuminen-ankomst-300x200.jpg",300,200,true],"medium_large":["https:\/\/www.wattkast.fi\/wp-content\/uploads\/wattkast-mokit-stugor-saapuminen-ankomst-768x512.jpg",768,512,true],"large":["https:\/\/www.wattkast.fi\/wp-content\/uploads\/wattkast-mokit-stugor-saapuminen-ankomst-1024x683.jpg",1024,683,true],"1536x1536":["https:\/\/www.wattkast.fi\/wp-content\/uploads\/wattkast-mokit-stugor-saapuminen-ankomst.jpg",1200,800,false],"2048x2048":["https:\/\/www.wattkast.fi\/wp-content\/uploads\/wattkast-mokit-stugor-saapuminen-ankomst.jpg",1200,800,false]},"uagb_author_info":{"display_name":"Frank","author_link":"https:\/\/www.wattkast.fi\/sv\/author\/admin-542190733\/"},"uagb_comment_info":0,"uagb_excerpt":"Anl\u00e4nd till stugbyn Nyckelavh\u00e4mtning:Wattkastv\u00e4gen 425 Resan till oss \u00e4r en upplevelse i sig. Du f\u00e5r m\u00e5nga chanser att beundra den [&hellip;]","_links":{"self":[{"href":"https:\/\/www.wattkast.fi\/sv\/wp-json\/wp\/v2\/pages\/365","targetHints":{"allow":["GET"]}}],"collection":[{"href":"https:\/\/www.wattkast.fi\/sv\/wp-json\/wp\/v2\/pages"}],"about":[{"href":"https:\/\/www.wattkast.fi\/sv\/wp-json\/wp\/v2\/types\/page"}],"author":[{"embeddable":true,"href":"https:\/\/www.wattkast.fi\/sv\/wp-json\/wp\/v2\/users\/1"}],"replies":[{"embeddable":true,"href":"https:\/\/www.wattkast.fi\/sv\/wp-json\/wp\/v2\/comments?post=365"}],"version-history":[{"count":0,"href":"https:\/\/www.wattkast.fi\/sv\/wp-json\/wp\/v2\/pages\/365\/revisions"}],"wp:featuredmedia":[{"embeddable":true,"href":"https:\/\/www.wattkast.fi\/sv\/wp-json\/wp\/v2\/media\/1062"}],"wp:attachment":[{"href":"https:\/\/www.wattkast.fi\/sv\/wp-json\/wp\/v2\/media?parent=365"}],"curies":[{"name":"wp","href":"https:\/\/api.w.org\/{rel}","templated":true}]}}